{"id":82,"date":"2021-12-01T11:50:41","date_gmt":"2021-12-01T11:50:41","guid":{"rendered":"https:\/\/www.fundacionsoycomotu.org\/tiendasolidaria\/?post_type=product&#038;p=82"},"modified":"2025-01-11T11:28:01","modified_gmt":"2025-01-11T11:28:01","slug":"tote-bag-permite-que-te-quieran","status":"publish","type":"product","link":"https:\/\/www.fundacionsoycomotu.org\/tiendasolidaria\/producto\/tote-bag-permite-que-te-quieran\/","title":{"rendered":"Tote Bag \/\/ Permite que te quieran"},"content":{"rendered":"<p><a href=\"https:\/\/www.fundacionsoycomotu.org\/tiendasolidaria\/wp-content\/uploads\/2021\/12\/TOTE_QUE-TE-QUIERAN-scaled.jpg\"><img loading=\"lazy\" decoding=\"async\" class=\"alignnone size-medium wp-image-83\" src=\"https:\/\/www.fundacionsoycomotu.org\/tiendasolidaria\/wp-content\/uploads\/2021\/12\/TOTE_QUE-TE-QUIERAN-200x300.jpg\" alt=\"\" width=\"200\" height=\"300\" \/><\/a><\/p>\n","protected":false},"excerpt":{"rendered":"<p>Bolsa de tela 100% de algod\u00f3n con impresi\u00f3n de &#8220;Permite que los dem\u00e1s te quieran y te cuiden&#8221; del <em>Dec\u00e1logo de Orientaciones para Cuidar la Salud Mental<\/em>.<\/p>\n<p>&nbsp;<\/p>\n","protected":false},"featured_media":364,"template":"","meta":[],"product_cat":[16],"product_tag":[],"class_list":["post-82","product","type-product","status-publish","has-post-thumbnail","hentry","product_cat-accessories"],"_links":{"self":[{"href":"https:\/\/www.fundacionsoycomotu.org\/tiendasolidaria\/wp-json\/wp\/v2\/product\/82","targetHints":{"allow":["GET"]}}],"collection":[{"href":"https:\/\/www.fundacionsoycomotu.org\/tiendasolidaria\/wp-json\/wp\/v2\/product"}],"about":[{"href":"https:\/\/www.fundacionsoycomotu.org\/tiendasolidaria\/wp-json\/wp\/v2\/types\/product"}],"wp:featuredmedia":[{"embeddable":true,"href":"https:\/\/www.fundacionsoycomotu.org\/tiendasolidaria\/wp-json\/wp\/v2\/media\/364"}],"wp:attachment":[{"href":"https:\/\/www.fundacionsoycomotu.org\/tiendasolidaria\/wp-json\/wp\/v2\/media?parent=82"}],"wp:term":[{"taxonomy":"product_cat","embeddable":true,"href":"https:\/\/www.fundacionsoycomotu.org\/tiendasolidaria\/wp-json\/wp\/v2\/product_cat?post=82"},{"taxonomy":"product_tag","embeddable":true,"href":"https:\/\/www.fundacionsoycomotu.org\/tiendasolidaria\/wp-json\/wp\/v2\/product_tag?post=82"}],"curies":[{"name":"wp","href":"https:\/\/api.w.org\/{rel}","templated":true}]}}