{"id":731,"date":"2025-12-18T08:53:51","date_gmt":"2025-12-18T08:53:51","guid":{"rendered":"https:\/\/www.fundacionsoycomotu.org\/tiendasolidaria\/?post_type=product&#038;p=731"},"modified":"2025-12-18T09:02:35","modified_gmt":"2025-12-18T09:02:35","slug":"postales-solidarias","status":"publish","type":"product","link":"https:\/\/www.fundacionsoycomotu.org\/tiendasolidaria\/producto\/postales-solidarias\/","title":{"rendered":"Postales solidarias"},"content":{"rendered":"","protected":false},"excerpt":{"rendered":"<p>Postales con dise\u00f1os \u00fanicos con mensajes sobre la salud mental para escribir y regalar o para ti. Ideal para acompa\u00f1ar un regalo solidario.<\/p>\n<p>Tama\u00f1o A5, papel cartulina con diferentes frases y colores.<\/p>\n","protected":false},"featured_media":732,"template":"","meta":[],"product_cat":[19],"product_tag":[],"class_list":["post-731","product","type-product","status-publish","has-post-thumbnail","hentry","product_cat-papeleria"],"_links":{"self":[{"href":"https:\/\/www.fundacionsoycomotu.org\/tiendasolidaria\/wp-json\/wp\/v2\/product\/731","targetHints":{"allow":["GET"]}}],"collection":[{"href":"https:\/\/www.fundacionsoycomotu.org\/tiendasolidaria\/wp-json\/wp\/v2\/product"}],"about":[{"href":"https:\/\/www.fundacionsoycomotu.org\/tiendasolidaria\/wp-json\/wp\/v2\/types\/product"}],"wp:featuredmedia":[{"embeddable":true,"href":"https:\/\/www.fundacionsoycomotu.org\/tiendasolidaria\/wp-json\/wp\/v2\/media\/732"}],"wp:attachment":[{"href":"https:\/\/www.fundacionsoycomotu.org\/tiendasolidaria\/wp-json\/wp\/v2\/media?parent=731"}],"wp:term":[{"taxonomy":"product_cat","embeddable":true,"href":"https:\/\/www.fundacionsoycomotu.org\/tiendasolidaria\/wp-json\/wp\/v2\/product_cat?post=731"},{"taxonomy":"product_tag","embeddable":true,"href":"https:\/\/www.fundacionsoycomotu.org\/tiendasolidaria\/wp-json\/wp\/v2\/product_tag?post=731"}],"curies":[{"name":"wp","href":"https:\/\/api.w.org\/{rel}","templated":true}]}}