{"id":677,"date":"2025-10-02T11:18:03","date_gmt":"2025-10-02T11:18:03","guid":{"rendered":"https:\/\/www.fundacionsoycomotu.org\/tiendasolidaria\/?post_type=product&#038;p=677"},"modified":"2025-10-03T09:27:16","modified_gmt":"2025-10-03T09:27:16","slug":"fanzoom-un-acercamiento-a-la-ilustracion-al-grabado-y-a-la-novela-grafica","status":"publish","type":"product","link":"https:\/\/www.fundacionsoycomotu.org\/tiendasolidaria\/producto\/fanzoom-un-acercamiento-a-la-ilustracion-al-grabado-y-a-la-novela-grafica\/","title":{"rendered":"&#8220;FanZoom. Un acercamiento a la ilustraci\u00f3n, al grabado y a la novela gr\u00e1fica&#8221;"},"content":{"rendered":"","protected":false},"excerpt":{"rendered":"<p>Fanzine de tama\u00f1o A5. Papel satinado. 103 p\u00e1ginas. Encuadernaci\u00f3n artesanal.<\/p>\n<p>Recopilatorio de extractos de novela gr\u00e1fica, grabado e ilustraciones de los y las participantes del Taller de Ilustraci\u00f3n, Grabado y Novela Gr\u00e1fica 2025.<\/p>\n","protected":false},"featured_media":679,"template":"","meta":[],"product_cat":[20],"product_tag":[],"class_list":["post-677","product","type-product","status-publish","has-post-thumbnail","hentry","product_cat-publicaciones"],"_links":{"self":[{"href":"https:\/\/www.fundacionsoycomotu.org\/tiendasolidaria\/wp-json\/wp\/v2\/product\/677","targetHints":{"allow":["GET"]}}],"collection":[{"href":"https:\/\/www.fundacionsoycomotu.org\/tiendasolidaria\/wp-json\/wp\/v2\/product"}],"about":[{"href":"https:\/\/www.fundacionsoycomotu.org\/tiendasolidaria\/wp-json\/wp\/v2\/types\/product"}],"wp:featuredmedia":[{"embeddable":true,"href":"https:\/\/www.fundacionsoycomotu.org\/tiendasolidaria\/wp-json\/wp\/v2\/media\/679"}],"wp:attachment":[{"href":"https:\/\/www.fundacionsoycomotu.org\/tiendasolidaria\/wp-json\/wp\/v2\/media?parent=677"}],"wp:term":[{"taxonomy":"product_cat","embeddable":true,"href":"https:\/\/www.fundacionsoycomotu.org\/tiendasolidaria\/wp-json\/wp\/v2\/product_cat?post=677"},{"taxonomy":"product_tag","embeddable":true,"href":"https:\/\/www.fundacionsoycomotu.org\/tiendasolidaria\/wp-json\/wp\/v2\/product_tag?post=677"}],"curies":[{"name":"wp","href":"https:\/\/api.w.org\/{rel}","templated":true}]}}