{"id":624,"date":"2024-12-05T07:56:09","date_gmt":"2024-12-05T07:56:09","guid":{"rendered":"https:\/\/www.fundacionsoycomotu.org\/tiendasolidaria\/?post_type=product&#038;p=624"},"modified":"2024-12-05T07:57:33","modified_gmt":"2024-12-05T07:57:33","slug":"fancine-historias-que-dan-para-pelicula","status":"publish","type":"product","link":"https:\/\/www.fundacionsoycomotu.org\/tiendasolidaria\/producto\/fancine-historias-que-dan-para-pelicula\/","title":{"rendered":"&#8220;FanCINE. Historias que dan para pel\u00edcula&#8221;"},"content":{"rendered":"","protected":false},"excerpt":{"rendered":"<p>Fanzine de tama\u00f1o A5. Papel satinado. 68 p\u00e1ginas. Encuadernaci\u00f3n artesanal.<\/p>\n<p>Recopilatorio de extractos de novela gr\u00e1fica de los y las participantes del Taller de Ilustraci\u00f3n, Grabado y Novela Gr\u00e1fica 2024.<\/p>\n","protected":false},"featured_media":627,"template":"","meta":[],"product_cat":[20],"product_tag":[],"class_list":["post-624","product","type-product","status-publish","has-post-thumbnail","hentry","product_cat-publicaciones"],"_links":{"self":[{"href":"https:\/\/www.fundacionsoycomotu.org\/tiendasolidaria\/wp-json\/wp\/v2\/product\/624","targetHints":{"allow":["GET"]}}],"collection":[{"href":"https:\/\/www.fundacionsoycomotu.org\/tiendasolidaria\/wp-json\/wp\/v2\/product"}],"about":[{"href":"https:\/\/www.fundacionsoycomotu.org\/tiendasolidaria\/wp-json\/wp\/v2\/types\/product"}],"wp:featuredmedia":[{"embeddable":true,"href":"https:\/\/www.fundacionsoycomotu.org\/tiendasolidaria\/wp-json\/wp\/v2\/media\/627"}],"wp:attachment":[{"href":"https:\/\/www.fundacionsoycomotu.org\/tiendasolidaria\/wp-json\/wp\/v2\/media?parent=624"}],"wp:term":[{"taxonomy":"product_cat","embeddable":true,"href":"https:\/\/www.fundacionsoycomotu.org\/tiendasolidaria\/wp-json\/wp\/v2\/product_cat?post=624"},{"taxonomy":"product_tag","embeddable":true,"href":"https:\/\/www.fundacionsoycomotu.org\/tiendasolidaria\/wp-json\/wp\/v2\/product_tag?post=624"}],"curies":[{"name":"wp","href":"https:\/\/api.w.org\/{rel}","templated":true}]}}