{"id":483,"date":"2023-11-27T12:08:24","date_gmt":"2023-11-27T12:08:24","guid":{"rendered":"https:\/\/www.fundacionsoycomotu.org\/tiendasolidaria\/?post_type=product&#038;p=483"},"modified":"2023-11-27T12:09:38","modified_gmt":"2023-11-27T12:09:38","slug":"cuento-el-olmo-%c2%b7-enrique-martinez-eseiko","status":"publish","type":"product","link":"https:\/\/www.fundacionsoycomotu.org\/tiendasolidaria\/producto\/cuento-el-olmo-%c2%b7-enrique-martinez-eseiko\/","title":{"rendered":"Cuento &#8220;El Olmo&#8221;, 2021\u00b7 Enrique Mart\u00ednez (ESEIKO)"},"content":{"rendered":"","protected":false},"excerpt":{"rendered":"<p>\u201cEl olmo\u201d es un cuento infanto-juvenil ilustrado que trata la vida de un p\u00e1jaro que tiene un ala da\u00f1ada y un gusano (depredador y presa), y como la misma vida les sorprender\u00e1.<\/p>\n<p>En el cuento de \u201cEl olmo\u201d se tratan valores tan importantes como la amistad o la superaci\u00f3n. Tambi\u00e9n, relata la autosuperaci\u00f3n que transforma una persona en un proceso de reconstrucci\u00f3n.<\/p>\n<p>SOBRE EL AUTOR:\u00a0<em><strong>Enrique Mart\u00ednez Fern\u00e1ndez (<a href=\"https:\/\/www.instagram.com\/yo_soy_eseiko\/\">@eseiko<\/a>)<\/strong><\/em>, escritor, compositor, cantante y activista en Salud Mental de Fundaci\u00f3n SOYCOMOTU.<\/p>\n<p>23 p\u00e1ginas.<\/p>\n<p>Editorial Diego Mar\u00edn.<\/p>\n","protected":false},"featured_media":482,"template":"","meta":[],"product_cat":[20],"product_tag":[],"class_list":["post-483","product","type-product","status-publish","has-post-thumbnail","hentry","product_cat-publicaciones"],"_links":{"self":[{"href":"https:\/\/www.fundacionsoycomotu.org\/tiendasolidaria\/wp-json\/wp\/v2\/product\/483","targetHints":{"allow":["GET"]}}],"collection":[{"href":"https:\/\/www.fundacionsoycomotu.org\/tiendasolidaria\/wp-json\/wp\/v2\/product"}],"about":[{"href":"https:\/\/www.fundacionsoycomotu.org\/tiendasolidaria\/wp-json\/wp\/v2\/types\/product"}],"wp:featuredmedia":[{"embeddable":true,"href":"https:\/\/www.fundacionsoycomotu.org\/tiendasolidaria\/wp-json\/wp\/v2\/media\/482"}],"wp:attachment":[{"href":"https:\/\/www.fundacionsoycomotu.org\/tiendasolidaria\/wp-json\/wp\/v2\/media?parent=483"}],"wp:term":[{"taxonomy":"product_cat","embeddable":true,"href":"https:\/\/www.fundacionsoycomotu.org\/tiendasolidaria\/wp-json\/wp\/v2\/product_cat?post=483"},{"taxonomy":"product_tag","embeddable":true,"href":"https:\/\/www.fundacionsoycomotu.org\/tiendasolidaria\/wp-json\/wp\/v2\/product_tag?post=483"}],"curies":[{"name":"wp","href":"https:\/\/api.w.org\/{rel}","templated":true}]}}