{"id":475,"date":"2023-11-27T10:10:29","date_gmt":"2023-11-27T10:10:29","guid":{"rendered":"https:\/\/www.fundacionsoycomotu.org\/tiendasolidaria\/?post_type=product&#038;p=475"},"modified":"2023-11-27T12:10:38","modified_gmt":"2023-11-27T12:10:38","slug":"poemario-las-olas-del-mar-%c2%b7-enrique-martinez-eseiko","status":"publish","type":"product","link":"https:\/\/www.fundacionsoycomotu.org\/tiendasolidaria\/producto\/poemario-las-olas-del-mar-%c2%b7-enrique-martinez-eseiko\/","title":{"rendered":"Poemario &#8220;Las olas del mar&#8221;, 2023 \u00b7 Enrique Mart\u00ednez (ESEIKO)"},"content":{"rendered":"","protected":false},"excerpt":{"rendered":"<p><em>\u201cLas olas del mar<\/em>\u201d es un precioso poemario realizado por una persona con Trastorno Bipolar, y forma parte del proceso de su recuperaci\u00f3n. Cada poema se representa como una ola, y su conjunto dan forma a <em>\u201cLas olas del mar\u201d. <\/em>El lector entra al libro como \u201cel capit\u00e1n\u201d, que navegar\u00e1 por las olas hasta llegar al horizonte, donde ver\u00e1 lo mismo que ve\u00eda pero con ojos diferentes.<\/p>\n<p>Esta obra est\u00e1 dividida en tres partes:\u00a0<strong>Tempestad, Tormenta y Calma<\/strong>.<\/p>\n<ul>\n<li>En la <strong><em>Tempestad<\/em><\/strong>, \u201cel capit\u00e1n\u201d entra a bordo y conecta con sus emociones.<\/li>\n<li>En la <strong><em>Tormenta<\/em><\/strong>, los poemas van y vienen como las olas del mar hasta alcanzar la locura en \u201cDe mente insana\u201d o \u201chi-<strong>po<\/strong>-cr-<strong>es\u00eda<\/strong>\u201d (escritos durante una crisis), tambi\u00e9n conoceremos la belleza con el poema \u201cLas olas del mar\u201d.<\/li>\n<li>Y en la <strong><em>Calma<\/em><\/strong>, si el capit\u00e1n sigue navegando se convertir\u00e1 en leyenda.<\/li>\n<\/ul>\n<p>SOBRE EL AUTOR: <em><strong>Enrique Mart\u00ednez Fern\u00e1ndez (<a href=\"https:\/\/www.instagram.com\/yo_soy_eseiko\/\">@eseiko<\/a>)<\/strong><\/em>, escritor, compositor, cantante y activista en Salud Mental de Fundaci\u00f3n SOYCOMOTU.<\/p>\n<p>115 p\u00e1ginas.<\/p>\n<p>Editorial Ediciones Libro Azul.<\/p>\n","protected":false},"featured_media":476,"template":"","meta":[],"product_cat":[20],"product_tag":[],"class_list":["post-475","product","type-product","status-publish","has-post-thumbnail","hentry","product_cat-publicaciones"],"_links":{"self":[{"href":"https:\/\/www.fundacionsoycomotu.org\/tiendasolidaria\/wp-json\/wp\/v2\/product\/475","targetHints":{"allow":["GET"]}}],"collection":[{"href":"https:\/\/www.fundacionsoycomotu.org\/tiendasolidaria\/wp-json\/wp\/v2\/product"}],"about":[{"href":"https:\/\/www.fundacionsoycomotu.org\/tiendasolidaria\/wp-json\/wp\/v2\/types\/product"}],"wp:featuredmedia":[{"embeddable":true,"href":"https:\/\/www.fundacionsoycomotu.org\/tiendasolidaria\/wp-json\/wp\/v2\/media\/476"}],"wp:attachment":[{"href":"https:\/\/www.fundacionsoycomotu.org\/tiendasolidaria\/wp-json\/wp\/v2\/media?parent=475"}],"wp:term":[{"taxonomy":"product_cat","embeddable":true,"href":"https:\/\/www.fundacionsoycomotu.org\/tiendasolidaria\/wp-json\/wp\/v2\/product_cat?post=475"},{"taxonomy":"product_tag","embeddable":true,"href":"https:\/\/www.fundacionsoycomotu.org\/tiendasolidaria\/wp-json\/wp\/v2\/product_tag?post=475"}],"curies":[{"name":"wp","href":"https:\/\/api.w.org\/{rel}","templated":true}]}}