{"id":472,"date":"2023-11-08T13:00:44","date_gmt":"2023-11-08T13:00:44","guid":{"rendered":"https:\/\/www.fundacionsoycomotu.org\/tiendasolidaria\/?post_type=product&#038;p=472"},"modified":"2023-11-08T13:01:33","modified_gmt":"2023-11-08T13:01:33","slug":"periodico-puentes-no-7","status":"publish","type":"product","link":"https:\/\/www.fundacionsoycomotu.org\/tiendasolidaria\/producto\/periodico-puentes-no-7\/","title":{"rendered":"Peri\u00f3dico PUENTES \/\/ N\u00ba 7"},"content":{"rendered":"","protected":false},"excerpt":{"rendered":"<p>Os ofrecemos el n\u00famero 7 del Observatorio en Salud Mental de Fundaci\u00f3n SOYCOMOTU, fruto del trabajo del grupo de activistas de la Fundaci\u00f3n.<\/p>\n<p>Este \u00faltimo n\u00famero aborda el <em>Trastorno L\u00edmite de la Personalidad<\/em>, un problema de salud mental, considerado por algunos profesionales, de salud p\u00fablica. Recoge, entre otros art\u00edculos, una entrevista al Dr. Luis Valenciano, experto reconocido a nivel mundial en TLP; una gu\u00eda de ayuda para familiares de personas con TLP, as\u00ed como testimonios en primera persona.<\/p>\n<p>24 p\u00e1ginas a color en papel reciclado.<\/p>\n","protected":false},"featured_media":473,"template":"","meta":[],"product_cat":[20],"product_tag":[],"class_list":["post-472","product","type-product","status-publish","has-post-thumbnail","hentry","product_cat-publicaciones"],"_links":{"self":[{"href":"https:\/\/www.fundacionsoycomotu.org\/tiendasolidaria\/wp-json\/wp\/v2\/product\/472","targetHints":{"allow":["GET"]}}],"collection":[{"href":"https:\/\/www.fundacionsoycomotu.org\/tiendasolidaria\/wp-json\/wp\/v2\/product"}],"about":[{"href":"https:\/\/www.fundacionsoycomotu.org\/tiendasolidaria\/wp-json\/wp\/v2\/types\/product"}],"wp:featuredmedia":[{"embeddable":true,"href":"https:\/\/www.fundacionsoycomotu.org\/tiendasolidaria\/wp-json\/wp\/v2\/media\/473"}],"wp:attachment":[{"href":"https:\/\/www.fundacionsoycomotu.org\/tiendasolidaria\/wp-json\/wp\/v2\/media?parent=472"}],"wp:term":[{"taxonomy":"product_cat","embeddable":true,"href":"https:\/\/www.fundacionsoycomotu.org\/tiendasolidaria\/wp-json\/wp\/v2\/product_cat?post=472"},{"taxonomy":"product_tag","embeddable":true,"href":"https:\/\/www.fundacionsoycomotu.org\/tiendasolidaria\/wp-json\/wp\/v2\/product_tag?post=472"}],"curies":[{"name":"wp","href":"https:\/\/api.w.org\/{rel}","templated":true}]}}