{"id":447,"date":"2023-07-20T17:53:32","date_gmt":"2023-07-20T17:53:32","guid":{"rendered":"https:\/\/www.fundacionsoycomotu.org\/tiendasolidaria\/?post_type=product&#038;p=447"},"modified":"2023-07-20T17:54:30","modified_gmt":"2023-07-20T17:54:30","slug":"art-zine-el-fanzine-del-ano","status":"publish","type":"product","link":"https:\/\/www.fundacionsoycomotu.org\/tiendasolidaria\/producto\/art-zine-el-fanzine-del-ano\/","title":{"rendered":"&#8220;ART-zine: el fanzine del a\u00f1o&#8221;"},"content":{"rendered":"<p><a href=\"https:\/\/www.fundacionsoycomotu.org\/tiendasolidaria\/wp-content\/uploads\/2023\/07\/FOTO-FANZINE-2023-2.jpg\"><img loading=\"lazy\" decoding=\"async\" class=\"alignnone size-full wp-image-448\" src=\"https:\/\/www.fundacionsoycomotu.org\/tiendasolidaria\/wp-content\/uploads\/2023\/07\/FOTO-FANZINE-2023-2.jpg\" alt=\"\" width=\"1024\" height=\"768\" srcset=\"https:\/\/www.fundacionsoycomotu.org\/tiendasolidaria\/wp-content\/uploads\/2023\/07\/FOTO-FANZINE-2023-2.jpg 1024w, https:\/\/www.fundacionsoycomotu.org\/tiendasolidaria\/wp-content\/uploads\/2023\/07\/FOTO-FANZINE-2023-2-300x225.jpg 300w, https:\/\/www.fundacionsoycomotu.org\/tiendasolidaria\/wp-content\/uploads\/2023\/07\/FOTO-FANZINE-2023-2-768x576.jpg 768w, https:\/\/www.fundacionsoycomotu.org\/tiendasolidaria\/wp-content\/uploads\/2023\/07\/FOTO-FANZINE-2023-2-920x690.jpg 920w, https:\/\/www.fundacionsoycomotu.org\/tiendasolidaria\/wp-content\/uploads\/2023\/07\/FOTO-FANZINE-2023-2-575x431.jpg 575w, https:\/\/www.fundacionsoycomotu.org\/tiendasolidaria\/wp-content\/uploads\/2023\/07\/FOTO-FANZINE-2023-2-380x285.jpg 380w, https:\/\/www.fundacionsoycomotu.org\/tiendasolidaria\/wp-content\/uploads\/2023\/07\/FOTO-FANZINE-2023-2-420x315.jpg 420w, https:\/\/www.fundacionsoycomotu.org\/tiendasolidaria\/wp-content\/uploads\/2023\/07\/FOTO-FANZINE-2023-2-800x600.jpg 800w\" sizes=\"auto, (max-width: 1024px) 100vw, 1024px\" \/><\/a> <a href=\"https:\/\/www.fundacionsoycomotu.org\/tiendasolidaria\/wp-content\/uploads\/2023\/07\/FOTO-FANZINE-2023-3.jpg\"><img loading=\"lazy\" decoding=\"async\" class=\"alignnone size-large wp-image-449\" src=\"https:\/\/www.fundacionsoycomotu.org\/tiendasolidaria\/wp-content\/uploads\/2023\/07\/FOTO-FANZINE-2023-3.jpg\" alt=\"\" width=\"1024\" height=\"768\" srcset=\"https:\/\/www.fundacionsoycomotu.org\/tiendasolidaria\/wp-content\/uploads\/2023\/07\/FOTO-FANZINE-2023-3.jpg 1024w, https:\/\/www.fundacionsoycomotu.org\/tiendasolidaria\/wp-content\/uploads\/2023\/07\/FOTO-FANZINE-2023-3-300x225.jpg 300w, https:\/\/www.fundacionsoycomotu.org\/tiendasolidaria\/wp-content\/uploads\/2023\/07\/FOTO-FANZINE-2023-3-768x576.jpg 768w, https:\/\/www.fundacionsoycomotu.org\/tiendasolidaria\/wp-content\/uploads\/2023\/07\/FOTO-FANZINE-2023-3-920x690.jpg 920w, https:\/\/www.fundacionsoycomotu.org\/tiendasolidaria\/wp-content\/uploads\/2023\/07\/FOTO-FANZINE-2023-3-575x431.jpg 575w, https:\/\/www.fundacionsoycomotu.org\/tiendasolidaria\/wp-content\/uploads\/2023\/07\/FOTO-FANZINE-2023-3-380x285.jpg 380w, https:\/\/www.fundacionsoycomotu.org\/tiendasolidaria\/wp-content\/uploads\/2023\/07\/FOTO-FANZINE-2023-3-420x315.jpg 420w, https:\/\/www.fundacionsoycomotu.org\/tiendasolidaria\/wp-content\/uploads\/2023\/07\/FOTO-FANZINE-2023-3-800x600.jpg 800w\" sizes=\"auto, (max-width: 1024px) 100vw, 1024px\" \/><\/a> <a href=\"https:\/\/www.fundacionsoycomotu.org\/tiendasolidaria\/wp-content\/uploads\/2023\/07\/FOTO-FANZINE-2023-4.jpg\"><img loading=\"lazy\" decoding=\"async\" class=\"alignnone size-large wp-image-450\" src=\"https:\/\/www.fundacionsoycomotu.org\/tiendasolidaria\/wp-content\/uploads\/2023\/07\/FOTO-FANZINE-2023-4.jpg\" alt=\"\" width=\"1024\" height=\"768\" srcset=\"https:\/\/www.fundacionsoycomotu.org\/tiendasolidaria\/wp-content\/uploads\/2023\/07\/FOTO-FANZINE-2023-4.jpg 1024w, https:\/\/www.fundacionsoycomotu.org\/tiendasolidaria\/wp-content\/uploads\/2023\/07\/FOTO-FANZINE-2023-4-300x225.jpg 300w, https:\/\/www.fundacionsoycomotu.org\/tiendasolidaria\/wp-content\/uploads\/2023\/07\/FOTO-FANZINE-2023-4-768x576.jpg 768w, https:\/\/www.fundacionsoycomotu.org\/tiendasolidaria\/wp-content\/uploads\/2023\/07\/FOTO-FANZINE-2023-4-920x690.jpg 920w, https:\/\/www.fundacionsoycomotu.org\/tiendasolidaria\/wp-content\/uploads\/2023\/07\/FOTO-FANZINE-2023-4-575x431.jpg 575w, https:\/\/www.fundacionsoycomotu.org\/tiendasolidaria\/wp-content\/uploads\/2023\/07\/FOTO-FANZINE-2023-4-380x285.jpg 380w, https:\/\/www.fundacionsoycomotu.org\/tiendasolidaria\/wp-content\/uploads\/2023\/07\/FOTO-FANZINE-2023-4-420x315.jpg 420w, https:\/\/www.fundacionsoycomotu.org\/tiendasolidaria\/wp-content\/uploads\/2023\/07\/FOTO-FANZINE-2023-4-800x600.jpg 800w\" sizes=\"auto, (max-width: 1024px) 100vw, 1024px\" \/><\/a> <a href=\"https:\/\/www.fundacionsoycomotu.org\/tiendasolidaria\/wp-content\/uploads\/2023\/07\/FOTO-FANZINE-2023-5.jpg\"><img loading=\"lazy\" decoding=\"async\" class=\"alignnone size-large wp-image-451\" src=\"https:\/\/www.fundacionsoycomotu.org\/tiendasolidaria\/wp-content\/uploads\/2023\/07\/FOTO-FANZINE-2023-5.jpg\" alt=\"\" width=\"1024\" height=\"768\" srcset=\"https:\/\/www.fundacionsoycomotu.org\/tiendasolidaria\/wp-content\/uploads\/2023\/07\/FOTO-FANZINE-2023-5.jpg 1024w, https:\/\/www.fundacionsoycomotu.org\/tiendasolidaria\/wp-content\/uploads\/2023\/07\/FOTO-FANZINE-2023-5-300x225.jpg 300w, https:\/\/www.fundacionsoycomotu.org\/tiendasolidaria\/wp-content\/uploads\/2023\/07\/FOTO-FANZINE-2023-5-768x576.jpg 768w, https:\/\/www.fundacionsoycomotu.org\/tiendasolidaria\/wp-content\/uploads\/2023\/07\/FOTO-FANZINE-2023-5-920x690.jpg 920w, https:\/\/www.fundacionsoycomotu.org\/tiendasolidaria\/wp-content\/uploads\/2023\/07\/FOTO-FANZINE-2023-5-575x431.jpg 575w, https:\/\/www.fundacionsoycomotu.org\/tiendasolidaria\/wp-content\/uploads\/2023\/07\/FOTO-FANZINE-2023-5-380x285.jpg 380w, https:\/\/www.fundacionsoycomotu.org\/tiendasolidaria\/wp-content\/uploads\/2023\/07\/FOTO-FANZINE-2023-5-420x315.jpg 420w, https:\/\/www.fundacionsoycomotu.org\/tiendasolidaria\/wp-content\/uploads\/2023\/07\/FOTO-FANZINE-2023-5-800x600.jpg 800w\" sizes=\"auto, (max-width: 1024px) 100vw, 1024px\" \/><\/a><\/p>\n","protected":false},"excerpt":{"rendered":"<p>Fanzine de tama\u00f1o A5. Papel satinado. 115 p\u00e1ginas. Encuadernaci\u00f3n artesanal.<\/p>\n<p>Recopilatorio de extractos de novela gr\u00e1fica de los y las participantes del Taller de Ilustraci\u00f3n, Grabado y Novela Gr\u00e1fica 2023.<\/p>\n","protected":false},"featured_media":452,"template":"","meta":[],"product_cat":[20],"product_tag":[],"class_list":["post-447","product","type-product","status-publish","has-post-thumbnail","hentry","product_cat-publicaciones"],"_links":{"self":[{"href":"https:\/\/www.fundacionsoycomotu.org\/tiendasolidaria\/wp-json\/wp\/v2\/product\/447","targetHints":{"allow":["GET"]}}],"collection":[{"href":"https:\/\/www.fundacionsoycomotu.org\/tiendasolidaria\/wp-json\/wp\/v2\/product"}],"about":[{"href":"https:\/\/www.fundacionsoycomotu.org\/tiendasolidaria\/wp-json\/wp\/v2\/types\/product"}],"wp:featuredmedia":[{"embeddable":true,"href":"https:\/\/www.fundacionsoycomotu.org\/tiendasolidaria\/wp-json\/wp\/v2\/media\/452"}],"wp:attachment":[{"href":"https:\/\/www.fundacionsoycomotu.org\/tiendasolidaria\/wp-json\/wp\/v2\/media?parent=447"}],"wp:term":[{"taxonomy":"product_cat","embeddable":true,"href":"https:\/\/www.fundacionsoycomotu.org\/tiendasolidaria\/wp-json\/wp\/v2\/product_cat?post=447"},{"taxonomy":"product_tag","embeddable":true,"href":"https:\/\/www.fundacionsoycomotu.org\/tiendasolidaria\/wp-json\/wp\/v2\/product_tag?post=447"}],"curies":[{"name":"wp","href":"https:\/\/api.w.org\/{rel}","templated":true}]}}