{"id":333,"date":"2023-03-07T08:24:50","date_gmt":"2023-03-07T08:24:50","guid":{"rendered":"https:\/\/www.fundacionsoycomotu.org\/tiendasolidaria\/?post_type=product&#038;p=333"},"modified":"2023-03-07T18:57:59","modified_gmt":"2023-03-07T18:57:59","slug":"tote-bag-%c2%b7-8m-soycomotu-x-mestiza","status":"publish","type":"product","link":"https:\/\/www.fundacionsoycomotu.org\/tiendasolidaria\/producto\/tote-bag-%c2%b7-8m-soycomotu-x-mestiza\/","title":{"rendered":"Tote Bag \u00b7 8M \/\/ SOYCOMOTU x MESTIZA"},"content":{"rendered":"","protected":false},"excerpt":{"rendered":"<p>Bolsa de tela 100% de algod\u00f3n con impresi\u00f3n de ilustraci\u00f3n de <strong><a href=\"https:\/\/www.instagram.com\/msantiag_o\/\">Mestiza<\/a> <\/strong>con motivo del <strong>#D\u00edaInternacionalDeLaMujer.<\/strong><\/p>\n","protected":false},"featured_media":334,"template":"","meta":[],"product_cat":[16],"product_tag":[],"class_list":["post-333","product","type-product","status-publish","has-post-thumbnail","hentry","product_cat-accessories"],"_links":{"self":[{"href":"https:\/\/www.fundacionsoycomotu.org\/tiendasolidaria\/wp-json\/wp\/v2\/product\/333","targetHints":{"allow":["GET"]}}],"collection":[{"href":"https:\/\/www.fundacionsoycomotu.org\/tiendasolidaria\/wp-json\/wp\/v2\/product"}],"about":[{"href":"https:\/\/www.fundacionsoycomotu.org\/tiendasolidaria\/wp-json\/wp\/v2\/types\/product"}],"wp:featuredmedia":[{"embeddable":true,"href":"https:\/\/www.fundacionsoycomotu.org\/tiendasolidaria\/wp-json\/wp\/v2\/media\/334"}],"wp:attachment":[{"href":"https:\/\/www.fundacionsoycomotu.org\/tiendasolidaria\/wp-json\/wp\/v2\/media?parent=333"}],"wp:term":[{"taxonomy":"product_cat","embeddable":true,"href":"https:\/\/www.fundacionsoycomotu.org\/tiendasolidaria\/wp-json\/wp\/v2\/product_cat?post=333"},{"taxonomy":"product_tag","embeddable":true,"href":"https:\/\/www.fundacionsoycomotu.org\/tiendasolidaria\/wp-json\/wp\/v2\/product_tag?post=333"}],"curies":[{"name":"wp","href":"https:\/\/api.w.org\/{rel}","templated":true}]}}