{"id":266,"date":"2022-10-14T09:29:02","date_gmt":"2022-10-14T09:29:02","guid":{"rendered":"https:\/\/www.fundacionsoycomotu.org\/tiendasolidaria\/?post_type=product&#038;p=266"},"modified":"2023-03-15T08:42:35","modified_gmt":"2023-03-15T08:42:35","slug":"periodico-puentes-no-6","status":"publish","type":"product","link":"https:\/\/www.fundacionsoycomotu.org\/tiendasolidaria\/producto\/periodico-puentes-no-6\/","title":{"rendered":"Peri\u00f3dico PUENTES \/\/ N\u00ba 6"},"content":{"rendered":"","protected":false},"excerpt":{"rendered":"<p>Os ofrecemos el n\u00famero 6 del Observatorio en Salud Mental de Fundaci\u00f3n SOYCOMOTU, fruto del trabajo del grupo de activistas de la Fundaci\u00f3n.<\/p>\n<p>24 p\u00e1ginas a color en papel reciclado.<\/p>\n<p>&nbsp;<\/p>\n","protected":false},"featured_media":408,"template":"","meta":[],"product_cat":[20],"product_tag":[],"class_list":["post-266","product","type-product","status-publish","has-post-thumbnail","hentry","product_cat-publicaciones"],"_links":{"self":[{"href":"https:\/\/www.fundacionsoycomotu.org\/tiendasolidaria\/wp-json\/wp\/v2\/product\/266","targetHints":{"allow":["GET"]}}],"collection":[{"href":"https:\/\/www.fundacionsoycomotu.org\/tiendasolidaria\/wp-json\/wp\/v2\/product"}],"about":[{"href":"https:\/\/www.fundacionsoycomotu.org\/tiendasolidaria\/wp-json\/wp\/v2\/types\/product"}],"wp:featuredmedia":[{"embeddable":true,"href":"https:\/\/www.fundacionsoycomotu.org\/tiendasolidaria\/wp-json\/wp\/v2\/media\/408"}],"wp:attachment":[{"href":"https:\/\/www.fundacionsoycomotu.org\/tiendasolidaria\/wp-json\/wp\/v2\/media?parent=266"}],"wp:term":[{"taxonomy":"product_cat","embeddable":true,"href":"https:\/\/www.fundacionsoycomotu.org\/tiendasolidaria\/wp-json\/wp\/v2\/product_cat?post=266"},{"taxonomy":"product_tag","embeddable":true,"href":"https:\/\/www.fundacionsoycomotu.org\/tiendasolidaria\/wp-json\/wp\/v2\/product_tag?post=266"}],"curies":[{"name":"wp","href":"https:\/\/api.w.org\/{rel}","templated":true}]}}