{"id":204,"date":"2022-01-03T09:03:20","date_gmt":"2022-01-03T09:03:20","guid":{"rendered":"https:\/\/www.fundacionsoycomotu.org\/tiendasolidaria\/?post_type=product&#038;p=204"},"modified":"2023-03-14T08:04:10","modified_gmt":"2023-03-14T08:04:10","slug":"tote-bag-sal-de-tu-zona-de-comfort","status":"publish","type":"product","link":"https:\/\/www.fundacionsoycomotu.org\/tiendasolidaria\/producto\/tote-bag-sal-de-tu-zona-de-comfort\/","title":{"rendered":"Tote Bag \/\/ Sal de tu zona de comfort"},"content":{"rendered":"<p><a href=\"https:\/\/www.fundacionsoycomotu.org\/tiendasolidaria\/wp-content\/uploads\/2022\/01\/TOTE_COMFORT-scaled.jpg\"><img loading=\"lazy\" decoding=\"async\" class=\"alignnone size-medium wp-image-208\" src=\"https:\/\/www.fundacionsoycomotu.org\/tiendasolidaria\/wp-content\/uploads\/2022\/01\/TOTE_COMFORT-200x300.jpg\" alt=\"\" width=\"200\" height=\"300\" srcset=\"https:\/\/www.fundacionsoycomotu.org\/tiendasolidaria\/wp-content\/uploads\/2022\/01\/TOTE_COMFORT-200x300.jpg 200w, https:\/\/www.fundacionsoycomotu.org\/tiendasolidaria\/wp-content\/uploads\/2022\/01\/TOTE_COMFORT-683x1024.jpg 683w, https:\/\/www.fundacionsoycomotu.org\/tiendasolidaria\/wp-content\/uploads\/2022\/01\/TOTE_COMFORT-768x1152.jpg 768w, https:\/\/www.fundacionsoycomotu.org\/tiendasolidaria\/wp-content\/uploads\/2022\/01\/TOTE_COMFORT-1024x1536.jpg 1024w, https:\/\/www.fundacionsoycomotu.org\/tiendasolidaria\/wp-content\/uploads\/2022\/01\/TOTE_COMFORT-1366x2048.jpg 1366w, https:\/\/www.fundacionsoycomotu.org\/tiendasolidaria\/wp-content\/uploads\/2022\/01\/TOTE_COMFORT-1140x1710.jpg 1140w, https:\/\/www.fundacionsoycomotu.org\/tiendasolidaria\/wp-content\/uploads\/2022\/01\/TOTE_COMFORT-920x1380.jpg 920w, https:\/\/www.fundacionsoycomotu.org\/tiendasolidaria\/wp-content\/uploads\/2022\/01\/TOTE_COMFORT-575x862.jpg 575w, https:\/\/www.fundacionsoycomotu.org\/tiendasolidaria\/wp-content\/uploads\/2022\/01\/TOTE_COMFORT-380x570.jpg 380w, https:\/\/www.fundacionsoycomotu.org\/tiendasolidaria\/wp-content\/uploads\/2022\/01\/TOTE_COMFORT-420x630.jpg 420w, https:\/\/www.fundacionsoycomotu.org\/tiendasolidaria\/wp-content\/uploads\/2022\/01\/TOTE_COMFORT-800x1200.jpg 800w, https:\/\/www.fundacionsoycomotu.org\/tiendasolidaria\/wp-content\/uploads\/2022\/01\/TOTE_COMFORT-scaled.jpg 1707w\" sizes=\"auto, (max-width: 200px) 100vw, 200px\" \/><\/a><\/p>\n","protected":false},"excerpt":{"rendered":"<p>Bolsa de tela 100% de algod\u00f3n con impresi\u00f3n de &#8220;Sal de tu zona de comfort&#8221; del Dec\u00e1logo de <em>Orientaciones para cuidar la Salud Mental<\/em>.<\/p>\n","protected":false},"featured_media":207,"template":"","meta":[],"product_cat":[16],"product_tag":[],"class_list":["post-204","product","type-product","status-publish","has-post-thumbnail","hentry","product_cat-accessories"],"_links":{"self":[{"href":"https:\/\/www.fundacionsoycomotu.org\/tiendasolidaria\/wp-json\/wp\/v2\/product\/204","targetHints":{"allow":["GET"]}}],"collection":[{"href":"https:\/\/www.fundacionsoycomotu.org\/tiendasolidaria\/wp-json\/wp\/v2\/product"}],"about":[{"href":"https:\/\/www.fundacionsoycomotu.org\/tiendasolidaria\/wp-json\/wp\/v2\/types\/product"}],"wp:featuredmedia":[{"embeddable":true,"href":"https:\/\/www.fundacionsoycomotu.org\/tiendasolidaria\/wp-json\/wp\/v2\/media\/207"}],"wp:attachment":[{"href":"https:\/\/www.fundacionsoycomotu.org\/tiendasolidaria\/wp-json\/wp\/v2\/media?parent=204"}],"wp:term":[{"taxonomy":"product_cat","embeddable":true,"href":"https:\/\/www.fundacionsoycomotu.org\/tiendasolidaria\/wp-json\/wp\/v2\/product_cat?post=204"},{"taxonomy":"product_tag","embeddable":true,"href":"https:\/\/www.fundacionsoycomotu.org\/tiendasolidaria\/wp-json\/wp\/v2\/product_tag?post=204"}],"curies":[{"name":"wp","href":"https:\/\/api.w.org\/{rel}","templated":true}]}}