{"id":200,"date":"2021-12-23T08:53:08","date_gmt":"2021-12-23T08:53:08","guid":{"rendered":"https:\/\/www.fundacionsoycomotu.org\/tiendasolidaria\/?post_type=product&#038;p=200"},"modified":"2023-03-14T08:04:43","modified_gmt":"2023-03-14T08:04:43","slug":"tote-bag-pide-ayuda-cuando-lo-necesites","status":"publish","type":"product","link":"https:\/\/www.fundacionsoycomotu.org\/tiendasolidaria\/producto\/tote-bag-pide-ayuda-cuando-lo-necesites\/","title":{"rendered":"Tote Bag \/\/ Pide ayuda cuando lo necesites"},"content":{"rendered":"<p><a href=\"https:\/\/www.fundacionsoycomotu.org\/tiendasolidaria\/wp-content\/uploads\/2021\/12\/TOTE_PIDE-AYUDA-scaled.jpg\"><img loading=\"lazy\" decoding=\"async\" class=\"alignnone size-medium wp-image-201\" src=\"https:\/\/www.fundacionsoycomotu.org\/tiendasolidaria\/wp-content\/uploads\/2021\/12\/TOTE_PIDE-AYUDA-200x300.jpg\" alt=\"\" width=\"200\" height=\"300\" \/><\/a><\/p>\n","protected":false},"excerpt":{"rendered":"<p>Bolsa de tela 100% de algod\u00f3n con impresi\u00f3n de &#8220;Pide ayuda cuando lo necesites&#8221; del Dec\u00e1logo de <em>Orientaciones para cuidar la Salud Mental<\/em>.<\/p>\n","protected":false},"featured_media":375,"template":"","meta":[],"product_cat":[16],"product_tag":[],"class_list":["post-200","product","type-product","status-publish","has-post-thumbnail","hentry","product_cat-accessories"],"_links":{"self":[{"href":"https:\/\/www.fundacionsoycomotu.org\/tiendasolidaria\/wp-json\/wp\/v2\/product\/200","targetHints":{"allow":["GET"]}}],"collection":[{"href":"https:\/\/www.fundacionsoycomotu.org\/tiendasolidaria\/wp-json\/wp\/v2\/product"}],"about":[{"href":"https:\/\/www.fundacionsoycomotu.org\/tiendasolidaria\/wp-json\/wp\/v2\/types\/product"}],"wp:featuredmedia":[{"embeddable":true,"href":"https:\/\/www.fundacionsoycomotu.org\/tiendasolidaria\/wp-json\/wp\/v2\/media\/375"}],"wp:attachment":[{"href":"https:\/\/www.fundacionsoycomotu.org\/tiendasolidaria\/wp-json\/wp\/v2\/media?parent=200"}],"wp:term":[{"taxonomy":"product_cat","embeddable":true,"href":"https:\/\/www.fundacionsoycomotu.org\/tiendasolidaria\/wp-json\/wp\/v2\/product_cat?post=200"},{"taxonomy":"product_tag","embeddable":true,"href":"https:\/\/www.fundacionsoycomotu.org\/tiendasolidaria\/wp-json\/wp\/v2\/product_tag?post=200"}],"curies":[{"name":"wp","href":"https:\/\/api.w.org\/{rel}","templated":true}]}}