{"id":134,"date":"2021-12-09T12:27:50","date_gmt":"2021-12-09T12:27:50","guid":{"rendered":"https:\/\/www.fundacionsoycomotu.org\/tiendasolidaria\/?post_type=product&#038;p=134"},"modified":"2023-03-14T08:05:31","modified_gmt":"2023-03-14T08:05:31","slug":"tote-bag-sentimientos-validos","status":"publish","type":"product","link":"https:\/\/www.fundacionsoycomotu.org\/tiendasolidaria\/producto\/tote-bag-sentimientos-validos\/","title":{"rendered":"Tote Bag \/\/ Sentimientos v\u00e1lidos"},"content":{"rendered":"<p><a href=\"https:\/\/www.fundacionsoycomotu.org\/tiendasolidaria\/wp-content\/uploads\/2021\/12\/TOTE_SENTIMIENTOS-VALIDOS-scaled.jpg\"><img loading=\"lazy\" decoding=\"async\" class=\"alignnone size-medium wp-image-135\" src=\"https:\/\/www.fundacionsoycomotu.org\/tiendasolidaria\/wp-content\/uploads\/2021\/12\/TOTE_SENTIMIENTOS-VALIDOS-200x300.jpg\" alt=\"\" width=\"200\" height=\"300\" \/><\/a><\/p>\n","protected":false},"excerpt":{"rendered":"<p>Bolsa de tela 100% de algod\u00f3n con impresi\u00f3n de \u201cT\u00fa eres la \u00fanica persona que puede decidir si tus sentimientos son v\u00e1lidos o no\u201d del Dec\u00e1logo de Orientaciones para Cuidar la Salud Mental.<\/p>\n","protected":false},"featured_media":368,"template":"","meta":[],"product_cat":[16],"product_tag":[],"class_list":["post-134","product","type-product","status-publish","has-post-thumbnail","hentry","product_cat-accessories"],"_links":{"self":[{"href":"https:\/\/www.fundacionsoycomotu.org\/tiendasolidaria\/wp-json\/wp\/v2\/product\/134","targetHints":{"allow":["GET"]}}],"collection":[{"href":"https:\/\/www.fundacionsoycomotu.org\/tiendasolidaria\/wp-json\/wp\/v2\/product"}],"about":[{"href":"https:\/\/www.fundacionsoycomotu.org\/tiendasolidaria\/wp-json\/wp\/v2\/types\/product"}],"wp:featuredmedia":[{"embeddable":true,"href":"https:\/\/www.fundacionsoycomotu.org\/tiendasolidaria\/wp-json\/wp\/v2\/media\/368"}],"wp:attachment":[{"href":"https:\/\/www.fundacionsoycomotu.org\/tiendasolidaria\/wp-json\/wp\/v2\/media?parent=134"}],"wp:term":[{"taxonomy":"product_cat","embeddable":true,"href":"https:\/\/www.fundacionsoycomotu.org\/tiendasolidaria\/wp-json\/wp\/v2\/product_cat?post=134"},{"taxonomy":"product_tag","embeddable":true,"href":"https:\/\/www.fundacionsoycomotu.org\/tiendasolidaria\/wp-json\/wp\/v2\/product_tag?post=134"}],"curies":[{"name":"wp","href":"https:\/\/api.w.org\/{rel}","templated":true}]}}